{"id":5266,"date":"2021-07-18T08:03:35","date_gmt":"2021-07-18T08:03:35","guid":{"rendered":"https:\/\/nuss.uxper.co\/luxury-resort\/?page_id=5266"},"modified":"2026-01-08T15:17:21","modified_gmt":"2026-01-08T15:17:21","slug":"uber-uns","status":"publish","type":"page","link":"https:\/\/dinsomonhotel.com\/de\/uber-uns\/","title":{"rendered":"\u00dcber uns"},"content":{"rendered":"<div data-elementor-type=\"wp-page\" data-elementor-id=\"5266\" class=\"elementor elementor-5266\">\n\t\t\t\t\t\t<section class=\"elementor-section elementor-top-section elementor-element elementor-element-10416953 elementor-section-boxed elementor-section-gap-beside-yes elementor-section-height-default elementor-section-height-default elementor-section-column-vertical-align-stretch\" data-id=\"10416953\" data-element_type=\"section\" data-e-type=\"section\">\n\t\t\t\t\t\t<div class=\"elementor-container elementor-column-gap-extended\">\n\t\t\t\t\t<div class=\"elementor-column elementor-col-100 elementor-top-column elementor-element elementor-element-29c6aa8\" data-id=\"29c6aa8\" data-element_type=\"column\" data-e-type=\"column\">\n\t\t\t<div class=\"elementor-widget-wrap elementor-element-populated\">\n\t\t\t\t\t\t<div class=\"elementor-element elementor-element-7be18fe7 elementor-widget__width-initial elementor-invisible elementor-widget elementor-widget-text-editor\" data-id=\"7be18fe7\" data-element_type=\"widget\" data-e-type=\"widget\" data-settings=\"{&quot;_animation&quot;:&quot;nussFadeInUp&quot;}\" data-widget_type=\"text-editor.default\">\n\t\t\t\t<div class=\"elementor-widget-container\">\n\t\t\t\t\t\t\t\t\t<p>Willkommen im Dinsomon Hotel, Ihrem ruhigen Zufluchtsort in der pulsierenden Stadt Bangkok. Eingebettet in das historische Viertel bietet unser Hotel eine harmonische Mischung aus traditionellem thail\u00e4ndischem Charme und modernem Luxus und garantiert jedem Gast einen unvergesslichen Aufenthalt.<\/p>\t\t\t\t\t\t\t\t<\/div>\n\t\t\t\t<\/div>\n\t\t\t\t\t<\/div>\n\t\t<\/div>\n\t\t\t\t\t<\/div>\n\t\t<\/section>\n\t\t\t\t<section class=\"elementor-section elementor-top-section elementor-element elementor-element-7d18327f elementor-section-boxed elementor-section-gap-beside-yes elementor-section-height-default elementor-section-height-default elementor-section-column-vertical-align-stretch\" data-id=\"7d18327f\" data-element_type=\"section\" data-e-type=\"section\">\n\t\t\t\t\t\t<div class=\"elementor-container elementor-column-gap-extended\">\n\t\t\t\t\t<div class=\"elementor-column elementor-col-50 elementor-top-column elementor-element elementor-element-56533670\" data-id=\"56533670\" data-element_type=\"column\" data-e-type=\"column\">\n\t\t\t<div class=\"elementor-widget-wrap elementor-element-populated\">\n\t\t\t\t\t\t<div class=\"elementor-element elementor-element-19c3f543 elementor-invisible elementor-widget elementor-widget-text-editor\" data-id=\"19c3f543\" data-element_type=\"widget\" data-e-type=\"widget\" data-settings=\"{&quot;_animation&quot;:&quot;nussFadeInUp&quot;}\" data-widget_type=\"text-editor.default\">\n\t\t\t\t<div class=\"elementor-widget-container\">\n\t\t\t\t\t\t\t\t\t<p>Das Dinsomon Hotel ist eine Oase der Ruhe mit einem \u00fcppigen Garten und einer Gemeinschaftslounge, in der Sie sich entspannen und Kontakte kn\u00fcpfen k\u00f6nnen. Unser hoteleigenes Restaurant und die Bar bieten ein herrliches Speiseerlebnis mit einer Speisekarte, die das Beste der thail\u00e4ndischen und internationalen K\u00fcche pr\u00e4sentiert. F\u00fcr zus\u00e4tzlichen Komfort bieten wir kostenloses WLAN im gesamten Geb\u00e4ude und einen kostenpflichtigen Flughafen-Shuttleservice, damit Ihre Reise reibungslos verl\u00e4uft.<\/p>\t\t\t\t\t\t\t\t<\/div>\n\t\t\t\t<\/div>\n\t\t\t\t\t<\/div>\n\t\t<\/div>\n\t\t\t\t<div class=\"elementor-column elementor-col-50 elementor-top-column elementor-element elementor-element-30f14127\" data-id=\"30f14127\" data-element_type=\"column\" data-e-type=\"column\">\n\t\t\t<div class=\"elementor-widget-wrap elementor-element-populated\">\n\t\t\t\t\t\t<div class=\"elementor-element elementor-element-350da02e elementor-invisible nuss-elementor-loading nuss-slide-in-left elementor-widget elementor-widget-image\" data-id=\"350da02e\" data-element_type=\"widget\" data-e-type=\"widget\" data-settings=\"{&quot;_animation&quot;:&quot;nussSlideInLeft&quot;}\" data-widget_type=\"image.default\">\n\t\t\t\t<div class=\"elementor-widget-container\">\n\t\t\t\t\t\t\t\t\t\t\t\t\t\t\t<img fetchpriority=\"high\" decoding=\"async\" width=\"541\" height=\"721\" src=\"https:\/\/dinsomonhotel.com\/wp-content\/uploads\/2021\/06\/dinsomon_hotel_bangkok-13.jpg\" class=\"attachment-full size-full wp-image-5542\" alt=\"\" srcset=\"https:\/\/dinsomonhotel.com\/wp-content\/uploads\/2021\/06\/dinsomon_hotel_bangkok-13.jpg 541w, https:\/\/dinsomonhotel.com\/wp-content\/uploads\/2021\/06\/dinsomon_hotel_bangkok-13-225x300.jpg 225w\" sizes=\"(max-width: 541px) 100vw, 541px\" \/>\t\t\t\t\t\t\t\t\t\t\t\t\t\t\t<\/div>\n\t\t\t\t<\/div>\n\t\t\t\t\t<\/div>\n\t\t<\/div>\n\t\t\t\t\t<\/div>\n\t\t<\/section>\n\t\t\t\t<section class=\"elementor-section elementor-top-section elementor-element elementor-element-29fb8578 elementor-section-height-min-height elementor-section-stretched elementor-section-full_width elementor-section-items-stretch elementor-section-height-default elementor-section-column-vertical-align-stretch\" data-id=\"29fb8578\" data-element_type=\"section\" data-e-type=\"section\" data-settings=\"{&quot;stretch_section&quot;:&quot;section-stretched&quot;}\">\n\t\t\t\t\t\t<div class=\"elementor-container elementor-column-gap-no\">\n\t\t\t\t\t<div class=\"elementor-column elementor-col-50 elementor-top-column elementor-element elementor-element-40ac270b\" data-id=\"40ac270b\" data-element_type=\"column\" data-e-type=\"column\">\n\t\t\t<div class=\"elementor-widget-wrap elementor-element-populated\">\n\t\t\t\t\t\t<div class=\"elementor-element elementor-element-20872773 elementor-widget__width-initial elementor-widget-mobile__width-inherit elementor-invisible nuss-elementor-loading nuss-slide-in-right elementor-widget elementor-widget-image\" data-id=\"20872773\" data-element_type=\"widget\" data-e-type=\"widget\" data-settings=\"{&quot;_animation&quot;:&quot;nussSlideInRight&quot;}\" data-widget_type=\"image.default\">\n\t\t\t\t<div class=\"elementor-widget-container\">\n\t\t\t\t\t\t\t\t\t\t\t\t\t\t\t<img decoding=\"async\" width=\"1920\" height=\"1440\" src=\"https:\/\/dinsomonhotel.com\/wp-content\/uploads\/2021\/06\/dinsomon_hotel_bangkok-16.jpg\" class=\"attachment-full size-full wp-image-5545\" alt=\"\" srcset=\"https:\/\/dinsomonhotel.com\/wp-content\/uploads\/2021\/06\/dinsomon_hotel_bangkok-16.jpg 1920w, https:\/\/dinsomonhotel.com\/wp-content\/uploads\/2021\/06\/dinsomon_hotel_bangkok-16-300x225.jpg 300w, https:\/\/dinsomonhotel.com\/wp-content\/uploads\/2021\/06\/dinsomon_hotel_bangkok-16-1024x768.jpg 1024w, https:\/\/dinsomonhotel.com\/wp-content\/uploads\/2021\/06\/dinsomon_hotel_bangkok-16-768x576.jpg 768w, https:\/\/dinsomonhotel.com\/wp-content\/uploads\/2021\/06\/dinsomon_hotel_bangkok-16-1536x1152.jpg 1536w\" sizes=\"(max-width: 1920px) 100vw, 1920px\" \/>\t\t\t\t\t\t\t\t\t\t\t\t\t\t\t<\/div>\n\t\t\t\t<\/div>\n\t\t\t\t\t<\/div>\n\t\t<\/div>\n\t\t\t\t<div class=\"elementor-column elementor-col-50 elementor-top-column elementor-element elementor-element-2dac103\" data-id=\"2dac103\" data-element_type=\"column\" data-e-type=\"column\">\n\t\t\t<div class=\"elementor-widget-wrap elementor-element-populated\">\n\t\t\t\t\t\t<div class=\"elementor-element elementor-element-7df0054f elementor-invisible elementor-widget elementor-widget-nuss-heading\" data-id=\"7df0054f\" data-element_type=\"widget\" data-e-type=\"widget\" data-settings=\"{&quot;_animation&quot;:&quot;nussFadeInUp&quot;}\" data-widget_type=\"nuss-heading.default\">\n\t\t\t\t<div class=\"elementor-widget-container\">\n\t\t\t\t\t\t\t<div class=\"nuss-modern-heading\">\r\n\t\t\t\r\n\t\t\t\t\t\t<div class=\"heading-primary-wrap\">\r\n\t\t\t\t<h4 class=\"heading-primary elementor-heading-title\">Dinso mon Hotel<\/h4>\t\t\t<\/div>\r\n\t\t\r\n\t\t\t\t\t\t<div class=\"heading-divider-wrap\">\r\n\t\t\t\t<div class=\"heading-divider\" style=\"left: 0px;top: 6px\"><\/div>\r\n\t\t\t<\/div>\r\n\t\r\n\t\t\t\t\t<\/div>\r\n\t\t\t\t\t<\/div>\n\t\t\t\t<\/div>\n\t\t\t\t<div class=\"elementor-element elementor-element-1ab88d95 elementor-invisible elementor-widget elementor-widget-heading\" data-id=\"1ab88d95\" data-element_type=\"widget\" data-e-type=\"widget\" data-settings=\"{&quot;_animation&quot;:&quot;nussFadeInUp&quot;}\" data-widget_type=\"heading.default\">\n\t\t\t\t<div class=\"elementor-widget-container\">\n\t\t\t\t\t<h3 class=\"elementor-heading-title elementor-size-default\">Das Zimmer<\/h3>\t\t\t\t<\/div>\n\t\t\t\t<\/div>\n\t\t\t\t<div class=\"elementor-element elementor-element-6f1b8966 elementor-invisible elementor-widget elementor-widget-text-editor\" data-id=\"6f1b8966\" data-element_type=\"widget\" data-e-type=\"widget\" data-settings=\"{&quot;_animation&quot;:&quot;nussFadeInUp&quot;}\" data-widget_type=\"text-editor.default\">\n\t\t\t\t<div class=\"elementor-widget-container\">\n\t\t\t\t\t\t\t\t\t<p>Unsere Zimmer sind mit Blick auf Ihren Komfort durchdacht gestaltet und mit Klimaanlage, K\u00fchlschrank, Minibar und Wasserkocher ausgestattet. Die privaten Badezimmer sind mit Dusche, kostenlosen Toilettenartikeln und Haartrockner ausgestattet. Ausgew\u00e4hlte Zimmer verf\u00fcgen au\u00dferdem \u00fcber Balkone mit bezauberndem Blick auf die Stadt, sodass Sie die Skyline von Bangkok voll und ganz genie\u00dfen k\u00f6nnen.<br \/>Das Dinsomon Hotel befindet sich in der Dinso Road 84, nur wenige Gehminuten von ber\u00fchmten Sehensw\u00fcrdigkeiten wie der Khao San Road, dem Bangkok National Museum und Wat Saket entfernt. Der internationale Flughafen Don Mueang ist nur 25 km entfernt, was es sowohl f\u00fcr lokale als auch internationale Reisende bequem macht.<\/p>\t\t\t\t\t\t\t\t<\/div>\n\t\t\t\t<\/div>\n\t\t\t\t\t<\/div>\n\t\t<\/div>\n\t\t\t\t\t<\/div>\n\t\t<\/section>\n\t\t<div class=\"elementor-element elementor-element-5c7a586 e-flex e-con-boxed e-con e-parent\" data-id=\"5c7a586\" data-element_type=\"container\" data-e-type=\"container\">\n\t\t\t\t\t<div class=\"e-con-inner\">\n\t\t\t\t<div class=\"elementor-element elementor-element-e975ddd elementor-widget elementor-widget-text-editor\" data-id=\"e975ddd\" data-element_type=\"widget\" data-e-type=\"widget\" data-widget_type=\"text-editor.default\">\n\t\t\t\t<div class=\"elementor-widget-container\">\n\t\t\t\t\t\t\t\t\t<p class=\"qwen-markdown-paragraph\"><span class=\"qwen-markdown-text\" data-spm-anchor-id=\"a2ty_o01.29997173.0.i25.78985171ioa2EB\">Nestled in the vibrant, historic heart of Bangkok\u2019s Phra Nakhon district, <\/span><strong class=\"qwen-markdown-strong\"><span class=\"qwen-markdown-text\">Dinsomon Hotel<\/span><\/strong><span class=\"qwen-markdown-text\"> offers travelers a rare blend of authentic Thai charm, cultural immersion, and contemporary convenience. Located at <\/span><strong class=\"qwen-markdown-strong\"><span class=\"qwen-markdown-text\" data-spm-anchor-id=\"a2ty_o01.29997173.0.i24.78985171ioa2EB\">84 Dinso Road, Wat Bowon Niwet, Bangkok 10200<\/span><\/strong><span class=\"qwen-markdown-text\">, this boutique-style hotel sits just steps away from some of Thailand\u2019s most revered landmarks \u2014 including the Grand Palace, Wat Pho, Wat Arun, and the bustling Khao San Road \u2014 making it the perfect base for both first-time visitors and seasoned explorers seeking to experience the true essence of the \u201cCity of Angels.\u201d<\/span><\/p><div class=\"qwen-markdown-space\">\u00a0<\/div><p class=\"qwen-markdown-paragraph\"><span class=\"qwen-markdown-text\">Whether you\u2019re drawn to Bangkok for its rich royal heritage, mouthwatering street food, serene temples, or buzzing night markets, Dinsomon Hotel places you right where the magic happens. Surrounded by centuries-old temples, traditional teakwood shophouses, and hidden alleyways bursting with local life, your stay here is more than accommodation \u2014 it\u2019s an invitation to live like a local while enjoying modern comforts designed for today\u2019s discerning traveler.<\/span><\/p><div class=\"qwen-markdown-space\">\u00a0<\/div><p class=\"qwen-markdown-paragraph\"><span class=\"qwen-markdown-text\">Designed with thoughtful attention to detail, Dinsomon Hotel combines minimalist Thai aesthetics with functional elegance. Each room is thoughtfully curated to provide a tranquil retreat after a day of exploration \u2014 featuring cozy beds, free high-speed Wi-Fi, air conditioning, and private bathrooms equipped with premium amenities. The hotel\u2019s central location ensures that iconic attractions are within walking distance or just a short tuk-tuk ride away, while nearby public transport options (including Chana Songkhram BTS Station and Tha Chang Pier) make navigating the city effortless.<\/span><\/p><div class=\"qwen-markdown-space\">\u00a0<\/div><p class=\"qwen-markdown-paragraph\"><span class=\"qwen-markdown-text\">But what truly sets Dinsomon Hotel apart is its warm, personalized service and deep connection to its neighborhood. Staff members are not only fluent in multiple languages but also passionate about sharing insider tips \u2014 from the best morning coffee spots near Wat Bowon Niwet to secret rooftop bars offering panoramic views of the Chao Phraya River. Whether you&#8217;re traveling solo, as a couple, or with family, you\u2019ll feel welcomed like an honored guest.<\/span><\/p><div class=\"qwen-markdown-space\">\u00a0<\/div><p class=\"qwen-markdown-paragraph\"><span class=\"qwen-markdown-text\">For those who appreciate sustainability and authenticity, Dinsomon Hotel supports local artisans and small businesses, sourcing decor, toiletries, and even breakfast ingredients from nearby communities. Guests can enjoy a complimentary daily breakfast featuring traditional Thai dishes alongside Western favorites \u2014 all served in a peaceful courtyard garden or on the rooftop terrace overlooking the temple spires of old Bangkok.<\/span><\/p><div class=\"qwen-markdown-space\">\u00a0<\/div><p class=\"qwen-markdown-paragraph\"><span class=\"qwen-markdown-text\">Planning a romantic getaway? A spiritual pilgrimage? Or perhaps a solo adventure through Southeast Asia\u2019s most dynamic metropolis? Dinsomon Hotel promises more than just a place to rest \u2014 it delivers unforgettable experiences rooted in culture, comfort, and community.<\/span><\/p><div class=\"qwen-markdown-space\">\u00a0<\/div><p class=\"qwen-markdown-paragraph\" data-spm-anchor-id=\"a2ty_o01.29997173.0.i26.78985171ioa2EB\"><span class=\"qwen-markdown-text\">Book your stay today and let Dinsomon Hotel be your gateway to discovering the soul of Bangkok \u2014 one serene sunrise over Wat Pho, one spicy pad thai from a street vendor, and one golden temple reflection at a time.<\/span><\/p>\t\t\t\t\t\t\t\t<\/div>\n\t\t\t\t<\/div>\n\t\t\t\t\t<\/div>\n\t\t\t\t<\/div>\n\t\t\t\t<\/div>","protected":false},"excerpt":{"rendered":"<p>Welcome to the Dinsomon Hotel, your serene sanctuary in the vibrant city of Bangkok. Nestled in the historic district, our hotel offers a harmonious blend of traditional Thai charm and contemporary luxury, ensuring a memorable stay for every guest. Dinsomon Hotel is a haven of tranquility, featuring a lush garden and a shared lounge where [&hellip;]<\/p>\n","protected":false},"author":1,"featured_media":0,"parent":0,"menu_order":0,"comment_status":"closed","ping_status":"closed","template":"","meta":{"footnotes":""},"class_list":["post-5266","page","type-page","status-publish","hentry","post-no-thumbnail"],"_links":{"self":[{"href":"https:\/\/dinsomonhotel.com\/de\/wp-json\/wp\/v2\/pages\/5266","targetHints":{"allow":["GET"]}}],"collection":[{"href":"https:\/\/dinsomonhotel.com\/de\/wp-json\/wp\/v2\/pages"}],"about":[{"href":"https:\/\/dinsomonhotel.com\/de\/wp-json\/wp\/v2\/types\/page"}],"author":[{"embeddable":true,"href":"https:\/\/dinsomonhotel.com\/de\/wp-json\/wp\/v2\/users\/1"}],"replies":[{"embeddable":true,"href":"https:\/\/dinsomonhotel.com\/de\/wp-json\/wp\/v2\/comments?post=5266"}],"version-history":[{"count":0,"href":"https:\/\/dinsomonhotel.com\/de\/wp-json\/wp\/v2\/pages\/5266\/revisions"}],"wp:attachment":[{"href":"https:\/\/dinsomonhotel.com\/de\/wp-json\/wp\/v2\/media?parent=5266"}],"curies":[{"name":"wp","href":"https:\/\/api.w.org\/{rel}","templated":true}]}}